{"id":227,"date":"2023-08-14T23:47:10","date_gmt":"2023-08-15T02:47:10","guid":{"rendered":"http:\/\/localhost\/site_bsrural\/?page_id=227"},"modified":"2023-08-19T22:40:03","modified_gmt":"2023-08-20T01:40:03","slug":"importacoes","status":"publish","type":"page","link":"https:\/\/www.dbsadvogados.com.br\/bscorporation\/importacoes\/","title":{"rendered":"Importa\u00e7\u00f5es"},"content":{"rendered":"\t\t<div data-elementor-type=\"wp-page\" data-elementor-id=\"227\" class=\"elementor elementor-227\">\n\t\t\t\t\t\t<section class=\"elementor-section elementor-top-section elementor-element elementor-element-c516772 elementor-section-height-min-height elementor-section-boxed elementor-section-height-default elementor-section-items-middle\" data-id=\"c516772\" data-element_type=\"section\" data-e-type=\"section\" data-settings=\"{&quot;background_background&quot;:&quot;classic&quot;,&quot;shape_divider_bottom&quot;:&quot;opacity-fan&quot;}\">\n\t\t\t\t\t\t\t<div class=\"elementor-background-overlay\"><\/div>\n\t\t\t\t\t\t<div class=\"elementor-shape elementor-shape-bottom\" aria-hidden=\"true\" data-negative=\"false\">\n\t\t\t<svg xmlns=\"http:\/\/www.w3.org\/2000\/svg\" viewBox=\"0 0 283.5 19.6\" preserveAspectRatio=\"none\">\n\t<path class=\"elementor-shape-fill\" style=\"opacity:0.33\" d=\"M0 0L0 18.8 141.8 4.1 283.5 18.8 283.5 0z\"\/>\n\t<path class=\"elementor-shape-fill\" style=\"opacity:0.33\" d=\"M0 0L0 12.6 141.8 4 283.5 12.6 283.5 0z\"\/>\n\t<path class=\"elementor-shape-fill\" style=\"opacity:0.33\" d=\"M0 0L0 6.4 141.8 4 283.5 6.4 283.5 0z\"\/>\n\t<path class=\"elementor-shape-fill\" d=\"M0 0L0 1.2 141.8 4 283.5 1.2 283.5 0z\"\/>\n<\/svg>\t\t<\/div>\n\t\t\t\t\t<div class=\"elementor-container elementor-column-gap-no\">\n\t\t\t\t\t<div class=\"elementor-column elementor-col-50 elementor-top-column elementor-element elementor-element-87d082e\" data-id=\"87d082e\" data-element_type=\"column\" data-e-type=\"column\" data-settings=\"{&quot;background_background&quot;:&quot;classic&quot;}\">\n\t\t\t<div class=\"elementor-widget-wrap elementor-element-populated\">\n\t\t\t\t\t\t<div class=\"elementor-element elementor-element-68858f1 elementor-widget elementor-widget-elementskit-heading\" data-id=\"68858f1\" data-element_type=\"widget\" data-e-type=\"widget\" data-widget_type=\"elementskit-heading.default\">\n\t\t\t\t<div class=\"elementor-widget-container\">\n\t\t\t\t\t<div class=\"ekit-wid-con\" ><div class=\"ekit-heading elementskit-section-title-wraper text_left   ekit_heading_tablet-text_center   ekit_heading_mobile-\">\t\t\t\t<span class='ekit-heading__shadow-text'>\n\t\t\t\t\tAssessoria\t\t\t\t<\/span>\n\t\t\t<h2 class=\"ekit-heading--title elementskit-section-title \">BS <span><span>Importa\u00e7\u00f5es<\/span><\/span><\/h2><\/div><\/div>\t\t\t\t<\/div>\n\t\t\t\t<\/div>\n\t\t\t\t\t<\/div>\n\t\t<\/div>\n\t\t\t\t<div class=\"elementor-column elementor-col-50 elementor-top-column elementor-element elementor-element-7619aa5\" data-id=\"7619aa5\" data-element_type=\"column\" data-e-type=\"column\">\n\t\t\t<div class=\"elementor-widget-wrap\">\n\t\t\t\t\t\t\t<\/div>\n\t\t<\/div>\n\t\t\t\t\t<\/div>\n\t\t<\/section>\n\t\t\t\t<section class=\"elementor-section elementor-top-section elementor-element elementor-element-a445c6c elementor-section-boxed elementor-section-height-default elementor-section-height-default\" data-id=\"a445c6c\" data-element_type=\"section\" data-e-type=\"section\" data-settings=\"{&quot;background_background&quot;:&quot;classic&quot;}\">\n\t\t\t\t\t\t<div class=\"elementor-container elementor-column-gap-no\">\n\t\t\t\t\t<div class=\"elementor-column elementor-col-50 elementor-top-column elementor-element elementor-element-33137fa\" data-id=\"33137fa\" data-element_type=\"column\" data-e-type=\"column\">\n\t\t\t<div class=\"elementor-widget-wrap elementor-element-populated\">\n\t\t\t\t\t\t<div class=\"elementor-element elementor-element-358e4f4 elementor-widget elementor-widget-elementskit-heading\" data-id=\"358e4f4\" data-element_type=\"widget\" data-e-type=\"widget\" data-widget_type=\"elementskit-heading.default\">\n\t\t\t\t<div class=\"elementor-widget-container\">\n\t\t\t\t\t<div class=\"ekit-wid-con\" ><div class=\"ekit-heading elementskit-section-title-wraper text_left   ekit_heading_tablet-   ekit_heading_mobile-\">\t\t\t\t<span class='ekit-heading__shadow-text'>\n\t\t\t\t\tBS RURAL\t\t\t\t<\/span>\n\t\t\t<h2 class=\"ekit-heading--title elementskit-section-title \"><span><span>BS Assessoria Rural<\/span><\/span> <br>Conectando Voc\u00ea ao Mundo de Oportunidades Globais<\/h2><\/div><\/div>\t\t\t\t<\/div>\n\t\t\t\t<\/div>\n\t\t\t\t<div class=\"elementor-element elementor-element-76f096e elementor-widget elementor-widget-text-editor\" data-id=\"76f096e\" data-element_type=\"widget\" data-e-type=\"widget\" data-widget_type=\"text-editor.default\">\n\t\t\t\t<div class=\"elementor-widget-container\">\n\t\t\t\t\t\t\t\t\t<p>Se deseja expandir seus neg\u00f3cios, adquirir produtos inovadores e acessar mercados internacionais com facilidade, a BS Importa\u00e7\u00e3o \u00e9 a sua solu\u00e7\u00e3o.<\/p>\n<p>Com ampla expertise no setor de importa\u00e7\u00e3o, oferecemos assessoria especializada em todas as etapas deste processo, desde a busca por produtos e fornecedores confi\u00e1veis at\u00e9 a entrega segura e pontual em seu destino final.<\/p><p>Nossa equipe \u00e9 altamente compreendida em buscar as melhores solu\u00e7\u00f5es para atender requisitos de alta qualidade, prazos e or\u00e7amentos. Contamos com uma s\u00f3lida rede de parceiros e fornecedores internacionais para garantir que sua empresa tenha acesso \u00e0s melhores ofertas de mercado e tecnologias globais.<\/p>\n<p>Cuidamos tamb\u00e9m de todas as quest\u00f5es burocr\u00e1ticas e regulat\u00f3rias, garantindo que a documenta\u00e7\u00e3o e os procedimentos alfandeg\u00e1rios sejam conduzidos com precis\u00e3o, permitindo que voc\u00ea concentre seus esfor\u00e7os no crescimento dos seus neg\u00f3cios, sem preocupa\u00e7\u00f5es.<\/p>\n<p>Acreditamos que a diversifica\u00e7\u00e3o \u00e9 essencial para o sucesso nos neg\u00f3cios atualmente, e \u00e9 por isso que nos comprometemos em proporcionar a voc\u00ea um mundo de oportunidades comerciais. Permita que sua empresa alcance novos patamares de crescimento e inova\u00e7\u00e3o com a BS Importa\u00e7\u00e3o.<\/p>\t\t\t\t\t\t\t\t<\/div>\n\t\t\t\t<\/div>\n\t\t\t\t\t<\/div>\n\t\t<\/div>\n\t\t\t\t<div class=\"elementor-column elementor-col-50 elementor-top-column elementor-element elementor-element-be4b73f\" data-id=\"be4b73f\" data-element_type=\"column\" data-e-type=\"column\" data-settings=\"{&quot;background_background&quot;:&quot;classic&quot;}\">\n\t\t\t<div class=\"elementor-widget-wrap elementor-element-populated\">\n\t\t\t\t\t\t<div class=\"elementor-element elementor-element-050b9b9 e-transform elementor-widget elementor-widget-image\" data-id=\"050b9b9\" data-element_type=\"widget\" data-e-type=\"widget\" data-settings=\"{&quot;_transform_rotateZ_effect_hover&quot;:{&quot;unit&quot;:&quot;px&quot;,&quot;size&quot;:&quot;&quot;,&quot;sizes&quot;:[]},&quot;_transform_rotateZ_effect_hover_tablet&quot;:{&quot;unit&quot;:&quot;deg&quot;,&quot;size&quot;:&quot;&quot;,&quot;sizes&quot;:[]},&quot;_transform_rotateZ_effect_hover_mobile&quot;:{&quot;unit&quot;:&quot;deg&quot;,&quot;size&quot;:&quot;&quot;,&quot;sizes&quot;:[]}}\" data-widget_type=\"image.default\">\n\t\t\t\t<div class=\"elementor-widget-container\">\n\t\t\t\t\t\t\t\t\t\t\t\t\t\t\t<img fetchpriority=\"high\" decoding=\"async\" width=\"500\" height=\"500\" src=\"https:\/\/www.dbsadvogados.com.br\/bscorporation\/wp-content\/uploads\/2023\/08\/porto.jpg\" class=\"attachment-large size-large wp-image-232\" alt=\"BS CORPORATION\" \/>\t\t\t\t\t\t\t\t\t\t\t\t\t\t\t<\/div>\n\t\t\t\t<\/div>\n\t\t\t\t\t<\/div>\n\t\t<\/div>\n\t\t\t\t\t<\/div>\n\t\t<\/section>\n\t\t\t\t<section class=\"elementor-section elementor-top-section elementor-element elementor-element-fb26ab6 elementor-section-boxed elementor-section-height-default elementor-section-height-default\" data-id=\"fb26ab6\" data-element_type=\"section\" data-e-type=\"section\">\n\t\t\t\t\t\t<div class=\"elementor-container elementor-column-gap-default\">\n\t\t\t\t\t<div class=\"elementor-column elementor-col-100 elementor-top-column elementor-element elementor-element-6c8265b\" data-id=\"6c8265b\" data-element_type=\"column\" data-e-type=\"column\">\n\t\t\t<div class=\"elementor-widget-wrap elementor-element-populated\">\n\t\t\t\t\t\t<div class=\"elementor-element elementor-element-77702ba elementor-widget elementor-widget-text-editor\" data-id=\"77702ba\" data-element_type=\"widget\" data-e-type=\"widget\" data-widget_type=\"text-editor.default\">\n\t\t\t\t<div class=\"elementor-widget-container\">\n\t\t\t\t\t\t\t\t\tImage\u00b9 by ojosujono96 on Freepik\n|\nImage\u00b2 by bearfotos on Freepik\t\t\t\t\t\t\t\t<\/div>\n\t\t\t\t<\/div>\n\t\t\t\t\t<\/div>\n\t\t<\/div>\n\t\t\t\t\t<\/div>\n\t\t<\/section>\n\t\t\t\t<\/div>\n\t\t","protected":false},"excerpt":{"rendered":"<p>Assessoria BS Importa\u00e7\u00f5es BS RURAL BS Assessoria Rural Conectando Voc\u00ea ao Mundo de Oportunidades Globais Se deseja expandir seus neg\u00f3cios, adquirir produtos inovadores e acessar mercados internacionais com facilidade, a BS Importa\u00e7\u00e3o \u00e9 a sua solu\u00e7\u00e3o. Com ampla expertise no setor de importa\u00e7\u00e3o, oferecemos assessoria especializada em todas as etapas deste processo, desde a busca por produtos e fornecedores confi\u00e1veis [&hellip;]<\/p>\n","protected":false},"author":1,"featured_media":0,"parent":0,"menu_order":0,"comment_status":"closed","ping_status":"closed","template":"elementor_header_footer","meta":{"footnotes":""},"class_list":["post-227","page","type-page","status-publish","hentry"],"_links":{"self":[{"href":"https:\/\/www.dbsadvogados.com.br\/bscorporation\/wp-json\/wp\/v2\/pages\/227","targetHints":{"allow":["GET"]}}],"collection":[{"href":"https:\/\/www.dbsadvogados.com.br\/bscorporation\/wp-json\/wp\/v2\/pages"}],"about":[{"href":"https:\/\/www.dbsadvogados.com.br\/bscorporation\/wp-json\/wp\/v2\/types\/page"}],"author":[{"embeddable":true,"href":"https:\/\/www.dbsadvogados.com.br\/bscorporation\/wp-json\/wp\/v2\/users\/1"}],"replies":[{"embeddable":true,"href":"https:\/\/www.dbsadvogados.com.br\/bscorporation\/wp-json\/wp\/v2\/comments?post=227"}],"version-history":[{"count":52,"href":"https:\/\/www.dbsadvogados.com.br\/bscorporation\/wp-json\/wp\/v2\/pages\/227\/revisions"}],"predecessor-version":[{"id":788,"href":"https:\/\/www.dbsadvogados.com.br\/bscorporation\/wp-json\/wp\/v2\/pages\/227\/revisions\/788"}],"wp:attachment":[{"href":"https:\/\/www.dbsadvogados.com.br\/bscorporation\/wp-json\/wp\/v2\/media?parent=227"}],"curies":[{"name":"wp","href":"https:\/\/api.w.org\/{rel}","templated":true}]}}