{"id":236,"date":"2023-08-14T23:54:17","date_gmt":"2023-08-15T02:54:17","guid":{"rendered":"http:\/\/localhost\/site_bsrural\/?page_id=236"},"modified":"2023-08-19T22:39:22","modified_gmt":"2023-08-20T01:39:22","slug":"exportacoes","status":"publish","type":"page","link":"https:\/\/www.dbsadvogados.com.br\/bscorporation\/exportacoes\/","title":{"rendered":"Exporta\u00e7\u00f5es"},"content":{"rendered":"\t\t<div data-elementor-type=\"wp-page\" data-elementor-id=\"236\" class=\"elementor elementor-236\">\n\t\t\t\t\t\t<section class=\"elementor-section elementor-top-section elementor-element elementor-element-51fd3ce elementor-section-height-min-height elementor-section-boxed elementor-section-height-default elementor-section-items-middle\" data-id=\"51fd3ce\" data-element_type=\"section\" data-e-type=\"section\" data-settings=\"{&quot;background_background&quot;:&quot;classic&quot;,&quot;shape_divider_bottom&quot;:&quot;opacity-fan&quot;}\">\n\t\t\t\t\t\t\t<div class=\"elementor-background-overlay\"><\/div>\n\t\t\t\t\t\t<div class=\"elementor-shape elementor-shape-bottom\" aria-hidden=\"true\" data-negative=\"false\">\n\t\t\t<svg xmlns=\"http:\/\/www.w3.org\/2000\/svg\" viewBox=\"0 0 283.5 19.6\" preserveAspectRatio=\"none\">\n\t<path class=\"elementor-shape-fill\" style=\"opacity:0.33\" d=\"M0 0L0 18.8 141.8 4.1 283.5 18.8 283.5 0z\"\/>\n\t<path class=\"elementor-shape-fill\" style=\"opacity:0.33\" d=\"M0 0L0 12.6 141.8 4 283.5 12.6 283.5 0z\"\/>\n\t<path class=\"elementor-shape-fill\" style=\"opacity:0.33\" d=\"M0 0L0 6.4 141.8 4 283.5 6.4 283.5 0z\"\/>\n\t<path class=\"elementor-shape-fill\" d=\"M0 0L0 1.2 141.8 4 283.5 1.2 283.5 0z\"\/>\n<\/svg>\t\t<\/div>\n\t\t\t\t\t<div class=\"elementor-container elementor-column-gap-no\">\n\t\t\t\t\t<div class=\"elementor-column elementor-col-50 elementor-top-column elementor-element elementor-element-703b711\" data-id=\"703b711\" data-element_type=\"column\" data-e-type=\"column\" data-settings=\"{&quot;background_background&quot;:&quot;classic&quot;}\">\n\t\t\t<div class=\"elementor-widget-wrap elementor-element-populated\">\n\t\t\t\t\t\t<div class=\"elementor-element elementor-element-ba7e8f3 elementor-widget elementor-widget-elementskit-heading\" data-id=\"ba7e8f3\" data-element_type=\"widget\" data-e-type=\"widget\" data-widget_type=\"elementskit-heading.default\">\n\t\t\t\t<div class=\"elementor-widget-container\">\n\t\t\t\t\t<div class=\"ekit-wid-con\" ><div class=\"ekit-heading elementskit-section-title-wraper text_left   ekit_heading_tablet-text_center   ekit_heading_mobile-\">\t\t\t\t<span class='ekit-heading__shadow-text'>\n\t\t\t\t\tAssessoria\t\t\t\t<\/span>\n\t\t\t<h2 class=\"ekit-heading--title elementskit-section-title \">BS <span><span>Exporta\u00e7\u00f5es<\/span><\/span><\/h2><\/div><\/div>\t\t\t\t<\/div>\n\t\t\t\t<\/div>\n\t\t\t\t\t<\/div>\n\t\t<\/div>\n\t\t\t\t<div class=\"elementor-column elementor-col-50 elementor-top-column elementor-element elementor-element-c828ca0\" data-id=\"c828ca0\" data-element_type=\"column\" data-e-type=\"column\">\n\t\t\t<div class=\"elementor-widget-wrap\">\n\t\t\t\t\t\t\t<\/div>\n\t\t<\/div>\n\t\t\t\t\t<\/div>\n\t\t<\/section>\n\t\t\t\t<section class=\"elementor-section elementor-top-section elementor-element elementor-element-a445c6c elementor-section-boxed elementor-section-height-default elementor-section-height-default\" data-id=\"a445c6c\" data-element_type=\"section\" data-e-type=\"section\" data-settings=\"{&quot;background_background&quot;:&quot;classic&quot;}\">\n\t\t\t\t\t\t<div class=\"elementor-container elementor-column-gap-no\">\n\t\t\t\t\t<div class=\"elementor-column elementor-col-50 elementor-top-column elementor-element elementor-element-33137fa\" data-id=\"33137fa\" data-element_type=\"column\" data-e-type=\"column\">\n\t\t\t<div class=\"elementor-widget-wrap elementor-element-populated\">\n\t\t\t\t\t\t<div class=\"elementor-element elementor-element-af171e9 elementor-widget elementor-widget-elementskit-heading\" data-id=\"af171e9\" data-element_type=\"widget\" data-e-type=\"widget\" data-widget_type=\"elementskit-heading.default\">\n\t\t\t\t<div class=\"elementor-widget-container\">\n\t\t\t\t\t<div class=\"ekit-wid-con\" ><div class=\"ekit-heading elementskit-section-title-wraper text_left   ekit_heading_tablet-   ekit_heading_mobile-\">\t\t\t\t<span class='ekit-heading__shadow-text'>\n\t\t\t\t\tBS RURAL\t\t\t\t<\/span>\n\t\t\t<h2 class=\"ekit-heading--title elementskit-section-title \"><span><span>BS Assessoria Rural<\/span><\/span> <br>Impulsionando o campo para o mundo!<\/h2><\/div><\/div>\t\t\t\t<\/div>\n\t\t\t\t<\/div>\n\t\t\t\t<div class=\"elementor-element elementor-element-b27d48e elementor-widget elementor-widget-text-editor\" data-id=\"b27d48e\" data-element_type=\"widget\" data-e-type=\"widget\" data-widget_type=\"text-editor.default\">\n\t\t\t\t<div class=\"elementor-widget-container\">\n\t\t\t\t\t\t\t\t\t<p>A BS Assessoria Rural para Exporta\u00e7\u00e3o \u00e9 a parceira ideal para produtores rurais ambiciosos que desejam expandir seus neg\u00f3cios para mercados internacionais.<\/p><p>Contamos com uma equipe altamente qualificada e especializada no setor do agroneg\u00f3cio focado no com\u00e9rcio exterior, onde fornecemos suporte completo aos produtores interessados em exportar seus produtos e servi\u00e7os para destinos internacionais.<\/p><p>Nossa abordagem personalizada come\u00e7a com uma an\u00e1lise detalhada das necessidades de cada cliente, permitindo-nos desenvolver estrat\u00e9gias sob medida para maximizar o potencial de exporta\u00e7\u00e3o de suas culturas, commodities ou produtos agroindustriais.<\/p><p>Cuidamos de todo o processo de exporta\u00e7\u00e3o, desde a identifica\u00e7\u00e3o de mercados promissores at\u00e9 a elabora\u00e7\u00e3o de planos log\u00edsticos eficientes, e tamb\u00e9m gerenciamos documenta\u00e7\u00f5es e regulamenta\u00e7\u00f5es alfandeg\u00e1rias. Isso assegura uma jornada tranquila e bem-sucedida para nossos clientes.<\/p><p>Al\u00e9m disso, estamos sempre atentos \u00e0s \u00faltimas tend\u00eancias do mercado global, ajudando nossos clientes a se adaptarem \u00e0s demandas e exig\u00eancias espec\u00edficas de cada pa\u00eds importador, garantindo assim uma competitividade sustent\u00e1vel no cen\u00e1rio internacional.<\/p><p>Confiando na BS Assessoria Rural para Exporta\u00e7\u00e3o, nossos clientes podem alcan\u00e7ar novos patamares de sucesso no mercado agr\u00edcola global. Nossa parceria s\u00f3lida e confi\u00e1vel est\u00e1 dedicada a impulsionar o campo para o mundo, permitindo que o crescimento de seus neg\u00f3cios seja colhido com frutos de sucesso.<\/p>\t\t\t\t\t\t\t\t<\/div>\n\t\t\t\t<\/div>\n\t\t\t\t\t<\/div>\n\t\t<\/div>\n\t\t\t\t<div class=\"elementor-column elementor-col-50 elementor-top-column elementor-element elementor-element-be4b73f\" data-id=\"be4b73f\" data-element_type=\"column\" data-e-type=\"column\" data-settings=\"{&quot;background_background&quot;:&quot;classic&quot;}\">\n\t\t\t<div class=\"elementor-widget-wrap elementor-element-populated\">\n\t\t\t\t\t\t<div class=\"elementor-element elementor-element-050b9b9 e-transform elementor-widget elementor-widget-image\" data-id=\"050b9b9\" data-element_type=\"widget\" data-e-type=\"widget\" data-settings=\"{&quot;_transform_rotateZ_effect_hover&quot;:{&quot;unit&quot;:&quot;px&quot;,&quot;size&quot;:&quot;&quot;,&quot;sizes&quot;:[]},&quot;_transform_rotateZ_effect_hover_tablet&quot;:{&quot;unit&quot;:&quot;deg&quot;,&quot;size&quot;:&quot;&quot;,&quot;sizes&quot;:[]},&quot;_transform_rotateZ_effect_hover_mobile&quot;:{&quot;unit&quot;:&quot;deg&quot;,&quot;size&quot;:&quot;&quot;,&quot;sizes&quot;:[]}}\" data-widget_type=\"image.default\">\n\t\t\t\t<div class=\"elementor-widget-container\">\n\t\t\t\t\t\t\t\t\t\t\t\t\t\t\t<img fetchpriority=\"high\" decoding=\"async\" width=\"500\" height=\"500\" src=\"https:\/\/www.dbsadvogados.com.br\/bscorporation\/wp-content\/uploads\/2023\/08\/porto.jpg\" class=\"attachment-large size-large wp-image-232\" alt=\"BS CORPORATION\" \/>\t\t\t\t\t\t\t\t\t\t\t\t\t\t\t<\/div>\n\t\t\t\t<\/div>\n\t\t\t\t\t<\/div>\n\t\t<\/div>\n\t\t\t\t\t<\/div>\n\t\t<\/section>\n\t\t\t\t<section class=\"elementor-section elementor-top-section elementor-element elementor-element-510d3c4 elementor-section-boxed elementor-section-height-default elementor-section-height-default\" data-id=\"510d3c4\" data-element_type=\"section\" data-e-type=\"section\">\n\t\t\t\t\t\t<div class=\"elementor-container elementor-column-gap-default\">\n\t\t\t\t\t<div class=\"elementor-column elementor-col-100 elementor-top-column elementor-element elementor-element-2799d8e\" data-id=\"2799d8e\" data-element_type=\"column\" data-e-type=\"column\">\n\t\t\t<div class=\"elementor-widget-wrap elementor-element-populated\">\n\t\t\t\t\t\t<div class=\"elementor-element elementor-element-c640fff elementor-widget elementor-widget-text-editor\" data-id=\"c640fff\" data-element_type=\"widget\" data-e-type=\"widget\" data-widget_type=\"text-editor.default\">\n\t\t\t\t<div class=\"elementor-widget-container\">\n\t\t\t\t\t\t\t\t\tImage\u00b9 By stockgiu\n|\nImage\u00b2 by bearfotos on Freepik\t\t\t\t\t\t\t\t<\/div>\n\t\t\t\t<\/div>\n\t\t\t\t\t<\/div>\n\t\t<\/div>\n\t\t\t\t\t<\/div>\n\t\t<\/section>\n\t\t\t\t<\/div>\n\t\t","protected":false},"excerpt":{"rendered":"<p>Assessoria BS Exporta\u00e7\u00f5es BS RURAL BS Assessoria Rural Impulsionando o campo para o mundo! A BS Assessoria Rural para Exporta\u00e7\u00e3o \u00e9 a parceira ideal para produtores rurais ambiciosos que desejam expandir seus neg\u00f3cios para mercados internacionais. Contamos com uma equipe altamente qualificada e especializada no setor do agroneg\u00f3cio focado no com\u00e9rcio exterior, onde fornecemos suporte completo aos produtores interessados em [&hellip;]<\/p>\n","protected":false},"author":1,"featured_media":0,"parent":0,"menu_order":0,"comment_status":"closed","ping_status":"closed","template":"elementor_header_footer","meta":{"footnotes":""},"class_list":["post-236","page","type-page","status-publish","hentry"],"_links":{"self":[{"href":"https:\/\/www.dbsadvogados.com.br\/bscorporation\/wp-json\/wp\/v2\/pages\/236","targetHints":{"allow":["GET"]}}],"collection":[{"href":"https:\/\/www.dbsadvogados.com.br\/bscorporation\/wp-json\/wp\/v2\/pages"}],"about":[{"href":"https:\/\/www.dbsadvogados.com.br\/bscorporation\/wp-json\/wp\/v2\/types\/page"}],"author":[{"embeddable":true,"href":"https:\/\/www.dbsadvogados.com.br\/bscorporation\/wp-json\/wp\/v2\/users\/1"}],"replies":[{"embeddable":true,"href":"https:\/\/www.dbsadvogados.com.br\/bscorporation\/wp-json\/wp\/v2\/comments?post=236"}],"version-history":[{"count":62,"href":"https:\/\/www.dbsadvogados.com.br\/bscorporation\/wp-json\/wp\/v2\/pages\/236\/revisions"}],"predecessor-version":[{"id":785,"href":"https:\/\/www.dbsadvogados.com.br\/bscorporation\/wp-json\/wp\/v2\/pages\/236\/revisions\/785"}],"wp:attachment":[{"href":"https:\/\/www.dbsadvogados.com.br\/bscorporation\/wp-json\/wp\/v2\/media?parent=236"}],"curies":[{"name":"wp","href":"https:\/\/api.w.org\/{rel}","templated":true}]}}