{"id":242,"date":"2023-08-14T23:58:53","date_gmt":"2023-08-15T02:58:53","guid":{"rendered":"http:\/\/localhost\/site_bsrural\/?page_id=242"},"modified":"2023-08-19T22:42:21","modified_gmt":"2023-08-20T01:42:21","slug":"representacao","status":"publish","type":"page","link":"https:\/\/www.dbsadvogados.com.br\/bscorporation\/representacao\/","title":{"rendered":"Representa\u00e7\u00f5es"},"content":{"rendered":"\t\t<div data-elementor-type=\"wp-page\" data-elementor-id=\"242\" class=\"elementor elementor-242\">\n\t\t\t\t\t\t<section class=\"elementor-section elementor-top-section elementor-element elementor-element-5f34a8f elementor-section-height-min-height elementor-section-boxed elementor-section-height-default elementor-section-items-middle\" data-id=\"5f34a8f\" data-element_type=\"section\" data-e-type=\"section\" data-settings=\"{&quot;background_background&quot;:&quot;classic&quot;,&quot;shape_divider_bottom&quot;:&quot;opacity-fan&quot;}\">\n\t\t\t\t\t\t\t<div class=\"elementor-background-overlay\"><\/div>\n\t\t\t\t\t\t<div class=\"elementor-shape elementor-shape-bottom\" aria-hidden=\"true\" data-negative=\"false\">\n\t\t\t<svg xmlns=\"http:\/\/www.w3.org\/2000\/svg\" viewBox=\"0 0 283.5 19.6\" preserveAspectRatio=\"none\">\n\t<path class=\"elementor-shape-fill\" style=\"opacity:0.33\" d=\"M0 0L0 18.8 141.8 4.1 283.5 18.8 283.5 0z\"\/>\n\t<path class=\"elementor-shape-fill\" style=\"opacity:0.33\" d=\"M0 0L0 12.6 141.8 4 283.5 12.6 283.5 0z\"\/>\n\t<path class=\"elementor-shape-fill\" style=\"opacity:0.33\" d=\"M0 0L0 6.4 141.8 4 283.5 6.4 283.5 0z\"\/>\n\t<path class=\"elementor-shape-fill\" d=\"M0 0L0 1.2 141.8 4 283.5 1.2 283.5 0z\"\/>\n<\/svg>\t\t<\/div>\n\t\t\t\t\t<div class=\"elementor-container elementor-column-gap-no\">\n\t\t\t\t\t<div class=\"elementor-column elementor-col-50 elementor-top-column elementor-element elementor-element-f685afb\" data-id=\"f685afb\" data-element_type=\"column\" data-e-type=\"column\" data-settings=\"{&quot;background_background&quot;:&quot;classic&quot;}\">\n\t\t\t<div class=\"elementor-widget-wrap elementor-element-populated\">\n\t\t\t\t\t\t<div class=\"elementor-element elementor-element-7c51d3a elementor-widget elementor-widget-elementskit-heading\" data-id=\"7c51d3a\" data-element_type=\"widget\" data-e-type=\"widget\" data-widget_type=\"elementskit-heading.default\">\n\t\t\t\t<div class=\"elementor-widget-container\">\n\t\t\t\t\t<div class=\"ekit-wid-con\" ><div class=\"ekit-heading elementskit-section-title-wraper text_left   ekit_heading_tablet-text_center   ekit_heading_mobile-\">\t\t\t\t<span class='ekit-heading__shadow-text'>\n\t\t\t\t\tAssessoria\t\t\t\t<\/span>\n\t\t\t<h2 class=\"ekit-heading--title elementskit-section-title \">BS <span><span>Representa\u00e7\u00e3o<\/span><\/span><\/h2><\/div><\/div>\t\t\t\t<\/div>\n\t\t\t\t<\/div>\n\t\t\t\t\t<\/div>\n\t\t<\/div>\n\t\t\t\t<div class=\"elementor-column elementor-col-50 elementor-top-column elementor-element elementor-element-3c702d6\" data-id=\"3c702d6\" data-element_type=\"column\" data-e-type=\"column\">\n\t\t\t<div class=\"elementor-widget-wrap\">\n\t\t\t\t\t\t\t<\/div>\n\t\t<\/div>\n\t\t\t\t\t<\/div>\n\t\t<\/section>\n\t\t\t\t<section class=\"elementor-section elementor-top-section elementor-element elementor-element-a445c6c elementor-section-boxed elementor-section-height-default elementor-section-height-default\" data-id=\"a445c6c\" data-element_type=\"section\" data-e-type=\"section\" data-settings=\"{&quot;background_background&quot;:&quot;classic&quot;}\">\n\t\t\t\t\t\t<div class=\"elementor-container elementor-column-gap-no\">\n\t\t\t\t\t<div class=\"elementor-column elementor-col-50 elementor-top-column elementor-element elementor-element-33137fa\" data-id=\"33137fa\" data-element_type=\"column\" data-e-type=\"column\">\n\t\t\t<div class=\"elementor-widget-wrap elementor-element-populated\">\n\t\t\t\t\t\t<div class=\"elementor-element elementor-element-171cd7c elementor-widget elementor-widget-elementskit-heading\" data-id=\"171cd7c\" data-element_type=\"widget\" data-e-type=\"widget\" data-widget_type=\"elementskit-heading.default\">\n\t\t\t\t<div class=\"elementor-widget-container\">\n\t\t\t\t\t<div class=\"ekit-wid-con\" ><div class=\"ekit-heading elementskit-section-title-wraper text_left   ekit_heading_tablet-   ekit_heading_mobile-\">\t\t\t\t<span class='ekit-heading__shadow-text'>\n\t\t\t\t\tBS RURAL\t\t\t\t<\/span>\n\t\t\t<h2 class=\"ekit-heading--title elementskit-section-title \"><span><span>BS Assessoria Rural<\/span><\/span> <br>A ponte para o sucesso nos neg\u00f3cios!<\/h2><\/div><\/div>\t\t\t\t<\/div>\n\t\t\t\t<\/div>\n\t\t\t\t<div class=\"elementor-element elementor-element-1e3863d elementor-widget elementor-widget-text-editor\" data-id=\"1e3863d\" data-element_type=\"widget\" data-e-type=\"widget\" data-widget_type=\"text-editor.default\">\n\t\t\t\t<div class=\"elementor-widget-container\">\n\t\t\t\t\t\t\t\t\t<p>A representa\u00e7\u00e3o comercial \u00e9 essencial nos neg\u00f3cios, conectando fornecedores e clientes de forma poderosa. Essa parceria traz diversos benef\u00edcios que impulsionam o sucesso e crescimento das empresas envolvidas.<\/p>\n<p>Acreditamos que a confian\u00e7a m\u00fatua entre fornecedor e representante comercial \u00e9 fundamental para construir parcerias s\u00f3lidas e duradouras, beneficiando a todos os envolvidos.&nbsp;<\/p>\n<p>Se voc\u00ea deseja fazer parte da nossa equipe e construir um futuro s\u00f3lido no mercado do agroneg\u00f3cio, saiba que nossa empresa est\u00e1 de portas abertas para uma poss\u00edvel parceria na compra e venda de im\u00f3veis rurais, commodities, insumos agr\u00edcolas e implementos agr\u00edcolas.&nbsp;<\/p>\n<p>Estamos ansiosos para discutir oportunidades de colabora\u00e7\u00e3o e trabalhar juntos para alcan\u00e7ar o sucesso nesse setor. Entre em contato conosco para iniciar essa jornada promissora.<\/p>\t\t\t\t\t\t\t\t<\/div>\n\t\t\t\t<\/div>\n\t\t\t\t\t<\/div>\n\t\t<\/div>\n\t\t\t\t<div class=\"elementor-column elementor-col-50 elementor-top-column elementor-element elementor-element-be4b73f\" data-id=\"be4b73f\" data-element_type=\"column\" data-e-type=\"column\" data-settings=\"{&quot;background_background&quot;:&quot;classic&quot;}\">\n\t\t\t<div class=\"elementor-widget-wrap\">\n\t\t\t\t\t\t\t<\/div>\n\t\t<\/div>\n\t\t\t\t\t<\/div>\n\t\t<\/section>\n\t\t\t\t<section class=\"elementor-section elementor-top-section elementor-element elementor-element-79f0726 elementor-section-boxed elementor-section-height-default elementor-section-height-default\" data-id=\"79f0726\" data-element_type=\"section\" data-e-type=\"section\">\n\t\t\t\t\t\t<div class=\"elementor-container elementor-column-gap-default\">\n\t\t\t\t\t<div class=\"elementor-column elementor-col-100 elementor-top-column elementor-element elementor-element-2c59bb7\" data-id=\"2c59bb7\" data-element_type=\"column\" data-e-type=\"column\">\n\t\t\t<div class=\"elementor-widget-wrap elementor-element-populated\">\n\t\t\t\t\t\t<div class=\"elementor-element elementor-element-8cebcfb elementor-widget elementor-widget-text-editor\" data-id=\"8cebcfb\" data-element_type=\"widget\" data-e-type=\"widget\" data-widget_type=\"text-editor.default\">\n\t\t\t\t<div class=\"elementor-widget-container\">\n\t\t\t\t\t\t\t\t\tImage by Freepik\t\t\t\t\t\t\t\t<\/div>\n\t\t\t\t<\/div>\n\t\t\t\t\t<\/div>\n\t\t<\/div>\n\t\t\t\t\t<\/div>\n\t\t<\/section>\n\t\t\t\t<\/div>\n\t\t","protected":false},"excerpt":{"rendered":"<p>Assessoria BS Representa\u00e7\u00e3o BS RURAL BS Assessoria Rural A ponte para o sucesso nos neg\u00f3cios! A representa\u00e7\u00e3o comercial \u00e9 essencial nos neg\u00f3cios, conectando fornecedores e clientes de forma poderosa. Essa parceria traz diversos benef\u00edcios que impulsionam o sucesso e crescimento das empresas envolvidas. Acreditamos que a confian\u00e7a m\u00fatua entre fornecedor e representante comercial \u00e9 fundamental para construir parcerias s\u00f3lidas e [&hellip;]<\/p>\n","protected":false},"author":1,"featured_media":0,"parent":0,"menu_order":0,"comment_status":"closed","ping_status":"closed","template":"elementor_header_footer","meta":{"footnotes":""},"class_list":["post-242","page","type-page","status-publish","hentry"],"_links":{"self":[{"href":"https:\/\/www.dbsadvogados.com.br\/bscorporation\/wp-json\/wp\/v2\/pages\/242","targetHints":{"allow":["GET"]}}],"collection":[{"href":"https:\/\/www.dbsadvogados.com.br\/bscorporation\/wp-json\/wp\/v2\/pages"}],"about":[{"href":"https:\/\/www.dbsadvogados.com.br\/bscorporation\/wp-json\/wp\/v2\/types\/page"}],"author":[{"embeddable":true,"href":"https:\/\/www.dbsadvogados.com.br\/bscorporation\/wp-json\/wp\/v2\/users\/1"}],"replies":[{"embeddable":true,"href":"https:\/\/www.dbsadvogados.com.br\/bscorporation\/wp-json\/wp\/v2\/comments?post=242"}],"version-history":[{"count":49,"href":"https:\/\/www.dbsadvogados.com.br\/bscorporation\/wp-json\/wp\/v2\/pages\/242\/revisions"}],"predecessor-version":[{"id":801,"href":"https:\/\/www.dbsadvogados.com.br\/bscorporation\/wp-json\/wp\/v2\/pages\/242\/revisions\/801"}],"wp:attachment":[{"href":"https:\/\/www.dbsadvogados.com.br\/bscorporation\/wp-json\/wp\/v2\/media?parent=242"}],"curies":[{"name":"wp","href":"https:\/\/api.w.org\/{rel}","templated":true}]}}